{"id":93,"date":"2022-05-18T10:53:16","date_gmt":"2022-05-18T08:53:16","guid":{"rendered":"http:\/\/camping.combourg.bzh\/?page_id=93"},"modified":"2022-05-31T10:05:51","modified_gmt":"2022-05-31T08:05:51","slug":"decouverte","status":"publish","type":"page","link":"https:\/\/camping.combourg.bzh\/index.php\/decouverte\/","title":{"rendered":"D\u00e9couverte"},"content":{"rendered":"<hr>\n\n\n<div class=\"wp-block-media-text alignwide is-stacked-on-mobile\" style=\"grid-template-columns:44% auto\"><figure class=\"wp-block-media-text__media\"><img fetchpriority=\"high\" decoding=\"async\" width=\"1024\" height=\"768\" src=\"http:\/\/camping.combourg.bzh\/wp-content\/uploads\/2022\/05\/chateau-1-1024x768.jpg\" alt=\"\" class=\"wp-image-382 size-full\" srcset=\"https:\/\/camping.combourg.bzh\/wp-content\/uploads\/2022\/05\/chateau-1-1024x768.jpg 1024w, https:\/\/camping.combourg.bzh\/wp-content\/uploads\/2022\/05\/chateau-1-600x450.jpg 600w, https:\/\/camping.combourg.bzh\/wp-content\/uploads\/2022\/05\/chateau-1-300x225.jpg 300w, https:\/\/camping.combourg.bzh\/wp-content\/uploads\/2022\/05\/chateau-1-768x576.jpg 768w, https:\/\/camping.combourg.bzh\/wp-content\/uploads\/2022\/05\/chateau-1-1536x1152.jpg 1536w, https:\/\/camping.combourg.bzh\/wp-content\/uploads\/2022\/05\/chateau-1.jpg 2048w\" sizes=\"(max-width: 1024px) 100vw, 1024px\" \/><\/figure><div class=\"wp-block-media-text__content\">\n<p class=\"has-text-align-center\" style=\"font-size:16px\">La situation id\u00e9ale de Combourg, en Pays de Saint Malo, vous promet de belles escapades&nbsp;!<\/p>\n\n\n\n<p class=\"has-text-align-center\" style=\"font-size:16px\">Apr\u00e8s avoir visit\u00e9 le\u00a0<a rel=\"noreferrer noopener\" href=\"http:\/\/www.chateau-combourg.com\/\" target=\"_blank\"><strong>ch\u00e2teau de Combourg<\/strong><\/a>, tout impr\u00e9gn\u00e9 de l\u2019\u00e2me de Fran\u00e7ois-Ren\u00e9 de Chateaubriand, vous\u00a0vous \u00e9chapperez vers le\u00a0<strong><a href=\"http:\/\/www.ot-montsaintmichel.com\/index.htm\" target=\"_blank\" rel=\"noreferrer noopener\">Mont-Saint-Michel<\/a><\/strong>, o\u00f9 vous resterez \u00e9bahis devant la force des \u00e9l\u00e9ments\u00a0et l\u2019ing\u00e9niosit\u00e9 des b\u00e2tisseurs de l\u2019abbaye.<\/p>\n<\/div><\/div>\n\n\n<hr>\n\n\n<div class=\"wp-block-media-text alignwide has-media-on-the-right is-stacked-on-mobile\" style=\"grid-template-columns:auto 44%\"><figure class=\"wp-block-media-text__media\"><img decoding=\"async\" width=\"709\" height=\"472\" src=\"http:\/\/camping.combourg.bzh\/wp-content\/uploads\/2022\/05\/dinard.jpg\" alt=\"\" class=\"wp-image-295 size-full\" srcset=\"https:\/\/camping.combourg.bzh\/wp-content\/uploads\/2022\/05\/dinard.jpg 709w, https:\/\/camping.combourg.bzh\/wp-content\/uploads\/2022\/05\/dinard-600x399.jpg 600w, https:\/\/camping.combourg.bzh\/wp-content\/uploads\/2022\/05\/dinard-300x200.jpg 300w\" sizes=\"(max-width: 709px) 100vw, 709px\" \/><\/figure><div class=\"wp-block-media-text__content\">\n<p class=\"has-text-align-center has-normal-font-size\">A\u00a0<strong><a href=\"http:\/\/www.dinan-tourisme.com\/\" target=\"_blank\" rel=\"noreferrer noopener\">Dinan<\/a><\/strong>\u00a0ou\u00a0<strong><a href=\"http:\/\/www.ot-fougeres.fr\/accueil\" target=\"_blank\" rel=\"noreferrer noopener\">Foug\u00e8res<\/a><\/strong>, vous plongerez au c\u0153ur du Moyen-\u00e2ge en arpentant les ruelles bord\u00e9es de maisons en pans de bois ou visiterez les forteresses m\u00e9di\u00e9vales tandis qu\u2019\u00e0\u00a0<strong><a href=\"http:\/\/www.tourisme-rennes.com\/\" target=\"_blank\" rel=\"noreferrer noopener\">Rennes<\/a><\/strong>, vous apprendrez l\u2019histoire de la Bretagne. A\u00a0<strong><a href=\"http:\/\/www.saint-malo-tourisme.com\/\" target=\"_blank\" rel=\"noreferrer noopener\">Saint-Malo<\/a><\/strong>, vous paresserez sur les magnifiques plages de sable fin, embarquerez pour\u00a0<strong><a href=\"http:\/\/www.jersey.com\/\" target=\"_blank\" rel=\"noreferrer noopener\">Jersey<\/a><\/strong>\u00a0ou Guernesey ou ferez la traditionnelle promenade du tour des remparts \u00e0 moins que vous ne preniez le bus de mer pour rejoindre\u00a0<strong><a href=\"http:\/\/www.dinardtourisme.com\/\" target=\"_blank\" rel=\"noreferrer noopener\">Dinard<\/a><\/strong>.\u00a0<\/p>\n<\/div><\/div>\n\n\n<hr>\n\n\n<div class=\"wp-block-media-text alignwide is-stacked-on-mobile\" style=\"grid-template-columns:44% auto\"><figure class=\"wp-block-media-text__media\"><img decoding=\"async\" width=\"567\" height=\"377\" src=\"http:\/\/camping.combourg.bzh\/wp-content\/uploads\/2022\/05\/huitres.jpg\" alt=\"\" class=\"wp-image-294 size-full\" srcset=\"https:\/\/camping.combourg.bzh\/wp-content\/uploads\/2022\/05\/huitres.jpg 567w, https:\/\/camping.combourg.bzh\/wp-content\/uploads\/2022\/05\/huitres-300x199.jpg 300w\" sizes=\"(max-width: 567px) 100vw, 567px\" \/><\/figure><div class=\"wp-block-media-text__content\">\n<p class=\"has-text-align-center has-normal-font-size\">   A\u00a0<strong><a rel=\"noreferrer noopener\" href=\"http:\/\/www.cancale-tourisme.fr\/\" target=\"_blank\">Cancale<\/a><\/strong>, vous vous laisserez tenter par la d\u00e9gustation de quelques hu\u00eetres tout juste sorties de la mer ou fl\u00e2nerez sur le sentier des douaniers. Vous \u00eates curieux de nature\u00a0?\u00a0La faune terrestre ou maritime vous sera r\u00e9v\u00e9l\u00e9e au\u00a0<strong><a rel=\"noreferrer noopener\" href=\"http:\/\/www.labourbansais.com\/\" target=\"_blank\">Zoo de la Bourbansais<\/a><\/strong>, au\u00a0<strong><a rel=\"noreferrer noopener\" href=\"http:\/\/www.aquarium-st-malo.com\/\" target=\"_blank\">Grand aquarium de Saint-Malo<\/a><\/strong>, au Mus\u00e9e de l\u2019hu\u00eetre \u00e0 Cancale ou dans les \u00e9levages mytilicoles de la Baie du Mont Saint Michel tandis que la flore vous d\u00e9voilera sa magnificence dans de superbes parcs, comme les\u00a0<strong><a rel=\"noreferrer noopener\" href=\"http:\/\/www.la-ballue.com\/fr\/chambres-d-hotes-bretagne\" target=\"_blank\">Jardins de La Ballue<\/a><\/strong>\u00a0ou au\u00a0<strong><a rel=\"noreferrer noopener\" href=\"http:\/\/www.parcs-et-jardins.net\/\" target=\"_blank\">Parc botanique de Haute-Bretagne<\/a><\/strong>.<\/p>\n<\/div><\/div>\n\n\n<hr>\n\n\n<div class=\"wp-block-media-text alignwide has-media-on-the-right is-stacked-on-mobile\" style=\"grid-template-columns:auto 44%\"><figure class=\"wp-block-media-text__media\"><img loading=\"lazy\" decoding=\"async\" width=\"1024\" height=\"535\" src=\"http:\/\/camping.combourg.bzh\/wp-content\/uploads\/2022\/05\/velos-1533306737-1024x535.jpg\" alt=\"\" class=\"wp-image-399 size-full\" srcset=\"https:\/\/camping.combourg.bzh\/wp-content\/uploads\/2022\/05\/velos-1533306737-1024x535.jpg 1024w, https:\/\/camping.combourg.bzh\/wp-content\/uploads\/2022\/05\/velos-1533306737-600x314.jpg 600w, https:\/\/camping.combourg.bzh\/wp-content\/uploads\/2022\/05\/velos-1533306737-300x157.jpg 300w, https:\/\/camping.combourg.bzh\/wp-content\/uploads\/2022\/05\/velos-1533306737-768x401.jpg 768w, https:\/\/camping.combourg.bzh\/wp-content\/uploads\/2022\/05\/velos-1533306737.jpg 1200w\" sizes=\"(max-width: 1024px) 100vw, 1024px\" \/><\/figure><div class=\"wp-block-media-text__content\">\n<p class=\"has-text-align-center\" style=\"font-size:16px\"> Combourg a \u00e9t\u00e9 labellis\u00e9e en mai 2013, premi\u00e8re Ville V\u00e9lotouristique du Grand Ouest. Cette distinction vient r\u00e9compenser la dynamique engag\u00e9e depuis quelques temps en faveur du v\u00e9lo. Ce label montre que la ville apporte aux pratiquants des infrastructures et des animations adapt\u00e9es \u00e0 la pratique du cyclotourisme. <\/p>\n\n\n\n<p class=\"has-text-align-center\" style=\"font-size:16px\">Plus d&rsquo;informations : <a href=\"https:\/\/www.sortiracombourg.fr\/velo-promenades\/\" target=\"_blank\" rel=\"noreferrer noopener\">https:\/\/www.sortiracombourg.fr\/velo-promenades\/<\/a><\/p>\n<\/div><\/div>\n\n\n<hr>","protected":false},"excerpt":{"rendered":"<p>La situation id\u00e9ale de Combourg, en Pays de Saint Malo, vous promet de belles escapades&nbsp;! Apr\u00e8s avoir visit\u00e9 le\u00a0ch\u00e2teau de Combourg, tout impr\u00e9gn\u00e9 de l\u2019\u00e2me de Fran\u00e7ois-Ren\u00e9 de Chateaubriand, vous\u00a0vous \u00e9chapperez vers le\u00a0Mont-Saint-Michel, o\u00f9 vous resterez \u00e9bahis devant la force des \u00e9l\u00e9ments\u00a0et l\u2019ing\u00e9niosit\u00e9 des b\u00e2tisseurs de l\u2019abbaye. A\u00a0Dinan\u00a0ou\u00a0Foug\u00e8res, vous plongerez [&hellip;]<\/p>\n","protected":false},"author":1,"featured_media":0,"parent":0,"menu_order":0,"comment_status":"closed","ping_status":"closed","template":"","meta":{"footnotes":""},"class_list":["post-93","page","type-page","status-publish","hentry"],"_links":{"self":[{"href":"https:\/\/camping.combourg.bzh\/index.php\/wp-json\/wp\/v2\/pages\/93","targetHints":{"allow":["GET"]}}],"collection":[{"href":"https:\/\/camping.combourg.bzh\/index.php\/wp-json\/wp\/v2\/pages"}],"about":[{"href":"https:\/\/camping.combourg.bzh\/index.php\/wp-json\/wp\/v2\/types\/page"}],"author":[{"embeddable":true,"href":"https:\/\/camping.combourg.bzh\/index.php\/wp-json\/wp\/v2\/users\/1"}],"replies":[{"embeddable":true,"href":"https:\/\/camping.combourg.bzh\/index.php\/wp-json\/wp\/v2\/comments?post=93"}],"version-history":[{"count":21,"href":"https:\/\/camping.combourg.bzh\/index.php\/wp-json\/wp\/v2\/pages\/93\/revisions"}],"predecessor-version":[{"id":749,"href":"https:\/\/camping.combourg.bzh\/index.php\/wp-json\/wp\/v2\/pages\/93\/revisions\/749"}],"wp:attachment":[{"href":"https:\/\/camping.combourg.bzh\/index.php\/wp-json\/wp\/v2\/media?parent=93"}],"curies":[{"name":"wp","href":"https:\/\/api.w.org\/{rel}","templated":true}]}}