{"id":913,"date":"2024-07-16T15:27:00","date_gmt":"2024-07-16T13:27:00","guid":{"rendered":"https:\/\/camping.combourg.bzh\/?page_id=913"},"modified":"2024-07-16T15:27:00","modified_gmt":"2024-07-16T13:27:00","slug":"cabanetapes","status":"publish","type":"page","link":"https:\/\/camping.combourg.bzh\/index.php\/cabanetapes\/","title":{"rendered":"Caban\u00e9tapes"},"content":{"rendered":"\n<p>Dans le cadre de son d\u00e9veloppement, le camping municipal Le Vieux Ch\u00e2tel** a fait l\u2019acquisition cette ann\u00e9e de deux Caban\u00e9tapes\u00ae.<\/p>\n\n\n\n<p>Destin\u00e9es \u00e0 l\u2019accueil d\u2019un public randonneur, elles permettent de se restaurer et de dormir \u00e0 l\u2019abri, avant de repartir vers une nouvelle \u00e9tape.<\/p>\n\n\n\n<p>Simples et confortables, elles permettent le couchage de deux personnes et disposent de tous les \u00e9quipements n\u00e9cessaires pour s\u2019asseoir (table et bancs int\u00e9gr\u00e9s), recharger son t\u00e9l\u00e9phone, s\u00e9curiser son v\u00e9lo et \u00e9tendre son linge.<\/p>\n\n\n\n<p class=\"has-text-align-center has-accent-background-color has-background\"><strong>Tarif : 20\u20ac \/ nuit &#8211; Deux nuits cons\u00e9cutives maximum.<\/strong><\/p>\n\n\n\n<p>R\u00e9servation : <a href=\"mailto:campingcombourg@gmail.com\">campingcombourg@gmail.com<\/a><\/p>\n\n\n\n<figure class=\"wp-block-image\"><img decoding=\"async\" src=\"https:\/\/www.combourg.bzh\/wp-content\/uploads\/2024\/07\/cabane-1024x768.webp\" alt=\"\" class=\"wp-image-8334\"\/><\/figure>\n\n\n\n<figure class=\"wp-block-image\"><img decoding=\"async\" src=\"https:\/\/www.combourg.bzh\/wp-content\/uploads\/2024\/07\/cabane1-1024x768.webp\" alt=\"\" class=\"wp-image-8332\"\/><\/figure>\n\n\n\n<figure class=\"wp-block-image\"><img decoding=\"async\" src=\"https:\/\/www.combourg.bzh\/wp-content\/uploads\/2024\/07\/cabane2-1024x768.webp\" alt=\"\" class=\"wp-image-8333\"\/><\/figure>\n\n\n\n<figure class=\"wp-block-image\"><img decoding=\"async\" src=\"https:\/\/www.combourg.bzh\/wp-content\/uploads\/2024\/07\/cabane3-1024x768.webp\" alt=\"\" class=\"wp-image-8335\"\/><\/figure>\n","protected":false},"excerpt":{"rendered":"<p>Dans le cadre de son d\u00e9veloppement, le camping municipal Le Vieux Ch\u00e2tel** a fait l\u2019acquisition cette ann\u00e9e de deux Caban\u00e9tapes\u00ae. Destin\u00e9es \u00e0 l\u2019accueil d\u2019un public randonneur, elles permettent de se restaurer et de dormir \u00e0 l\u2019abri, avant de repartir vers une nouvelle \u00e9tape. Simples et confortables, elles permettent le couchage [&hellip;]<\/p>\n","protected":false},"author":1,"featured_media":0,"parent":0,"menu_order":0,"comment_status":"closed","ping_status":"closed","template":"","meta":{"footnotes":""},"class_list":["post-913","page","type-page","status-publish","hentry"],"_links":{"self":[{"href":"https:\/\/camping.combourg.bzh\/index.php\/wp-json\/wp\/v2\/pages\/913","targetHints":{"allow":["GET"]}}],"collection":[{"href":"https:\/\/camping.combourg.bzh\/index.php\/wp-json\/wp\/v2\/pages"}],"about":[{"href":"https:\/\/camping.combourg.bzh\/index.php\/wp-json\/wp\/v2\/types\/page"}],"author":[{"embeddable":true,"href":"https:\/\/camping.combourg.bzh\/index.php\/wp-json\/wp\/v2\/users\/1"}],"replies":[{"embeddable":true,"href":"https:\/\/camping.combourg.bzh\/index.php\/wp-json\/wp\/v2\/comments?post=913"}],"version-history":[{"count":1,"href":"https:\/\/camping.combourg.bzh\/index.php\/wp-json\/wp\/v2\/pages\/913\/revisions"}],"predecessor-version":[{"id":915,"href":"https:\/\/camping.combourg.bzh\/index.php\/wp-json\/wp\/v2\/pages\/913\/revisions\/915"}],"wp:attachment":[{"href":"https:\/\/camping.combourg.bzh\/index.php\/wp-json\/wp\/v2\/media?parent=913"}],"curies":[{"name":"wp","href":"https:\/\/api.w.org\/{rel}","templated":true}]}}