{"id":326,"date":"2022-05-20T09:05:57","date_gmt":"2022-05-20T07:05:57","guid":{"rendered":"http:\/\/camping.combourg.bzh\/?page_id=326"},"modified":"2022-06-13T15:06:56","modified_gmt":"2022-06-13T13:06:56","slug":"tarifs","status":"publish","type":"page","link":"https:\/\/camping.combourg.bzh\/index.php\/tarifs\/","title":{"rendered":"Tarifs"},"content":{"rendered":"\t\t<div data-elementor-type=\"wp-page\" data-elementor-id=\"326\" class=\"elementor elementor-326\">\n\t\t\t\t\t\t<section class=\"elementor-section elementor-top-section elementor-element elementor-element-d7ec4f9 elementor-section-boxed elementor-section-height-default elementor-section-height-default\" data-id=\"d7ec4f9\" data-element_type=\"section\" data-e-type=\"section\">\n\t\t\t\t\t\t<div class=\"elementor-container elementor-column-gap-default\">\n\t\t\t\t\t<div class=\"elementor-column elementor-col-100 elementor-top-column elementor-element elementor-element-2ed88897\" data-id=\"2ed88897\" data-element_type=\"column\" data-e-type=\"column\">\n\t\t\t<div class=\"elementor-widget-wrap elementor-element-populated\">\n\t\t\t\t\t\t<div class=\"elementor-element elementor-element-202049c3 elementor-widget elementor-widget-text-editor\" data-id=\"202049c3\" data-element_type=\"widget\" data-e-type=\"widget\" data-widget_type=\"text-editor.default\">\n\t\t\t\t<div class=\"elementor-widget-container\">\n\t\t\t\t\t\t\t\t\t<hr \/>\n<p class=\"has-text-align-center\">Contact :<\/p>\n<p><\/p>\n<p class=\"has-text-align-center\">Par mail de pr\u00e9f\u00e9rence \u00e0\u00a0\u00a0<a href=\"mailto:campingcombourg@gmail.com\">campingcombourg@gmail.com<\/a><\/p>\n<p><\/p>\n<p class=\"has-text-align-center\">Par courrier : Camping municipal le Vieux Ch\u00e2tel, 1, avenue de Waldm\u00fcnchen, 35270 COMBOURG<\/p>\n<p><\/p>\n<p class=\"has-text-align-center\">Par t\u00e9l\u00e9phone : 02 99 73 07 03 ou 06 25 47 35 20<\/p>\n<p><\/p>\n<p class=\"has-text-align-center\"><strong>Tarifs camping 2022<\/strong><\/p>\n\n<figure class=\"wp-block-table is-style-stripes\">\n<table>\n<tbody>\n<tr>\n<td><strong>Adulte (+ de 12 ans)<\/strong><\/td>\n<td><strong>4,20 \u20ac<\/strong><\/td>\n<\/tr>\n<tr>\n<td><strong>Enfant (2 \u00e0 12 ans)<\/strong><\/td>\n<td><strong>2,60 \u20ac<\/strong><\/td>\n<\/tr>\n<tr>\n<td><strong>Groupe (+ 10 personnes)<\/strong><\/td>\n<td><strong>2,30 \u20ac<\/strong><\/td>\n<\/tr>\n<tr>\n<td><strong>Tente<\/strong><\/td>\n<td><strong>2,60 \u20ac<\/strong><\/td>\n<\/tr>\n<tr>\n<td><strong>Caravane<\/strong><\/td>\n<td><strong>3,00 \u20ac<\/strong><\/td>\n<\/tr>\n<tr>\n<td><strong>Voiture<\/strong><\/td>\n<td><strong>2,60 \u20ac<\/strong><\/td>\n<\/tr>\n<tr>\n<td><strong>Camping-car<\/strong><\/td>\n<td><strong>3,40 \u20ac<\/strong><\/td>\n<\/tr>\n<tr>\n<td><strong>Moto\u00a0<\/strong><\/td>\n<td><strong>1,50 \u20ac<\/strong><\/td>\n<\/tr>\n<tr>\n<td><strong>Branchement \u00e9lectrique<\/strong><\/td>\n<td><strong>3,20 \u20ac<\/strong><\/td>\n<\/tr>\n<tr>\n<td><strong>Garage mort<\/strong><\/td>\n<td><strong>3,00 \u20ac<\/strong><\/td>\n<\/tr>\n<tr>\n<td><strong>Animaux*<\/strong><\/td>\n<td><strong>1,40 \u20ac<\/strong><\/td>\n<\/tr>\n<\/tbody>\n<\/table>\n<\/figure>\n\n<p><em><strong>Modes de paiement accept\u00e9s\u00a0:\u00a0Esp\u00e8ces, ch\u00e8ques, cartes de cr\u00e9dit, mandat administratif pour les groupes<\/strong><\/em><\/p>\n\n<p>* Chiens : tenus en laisse et vaccin\u00e9s. Les chiens de cat\u00e9gories 1 et 2 ne sont pas admis.<\/p>\n\n<figure class=\"wp-block-image size-large\"><img fetchpriority=\"high\" decoding=\"async\" src=\"http:\/\/camping.combourg.bzh\/wp-content\/uploads\/2022\/05\/tarifs-mobil-homes-en-png-1.png\" alt=\"\" class=\"aligncenter wp-image-717 size-full\" width=\"841\" height=\"495\" srcset=\"https:\/\/camping.combourg.bzh\/wp-content\/uploads\/2022\/05\/tarifs-mobil-homes-en-png-1.png 841w, https:\/\/camping.combourg.bzh\/wp-content\/uploads\/2022\/05\/tarifs-mobil-homes-en-png-1-600x353.png 600w, https:\/\/camping.combourg.bzh\/wp-content\/uploads\/2022\/05\/tarifs-mobil-homes-en-png-1-300x177.png 300w, https:\/\/camping.combourg.bzh\/wp-content\/uploads\/2022\/05\/tarifs-mobil-homes-en-png-1-768x452.png 768w\" sizes=\"(max-width: 841px) 100vw, 841px\" \/>\n<figcaption>Tarifs mobil-homes<\/figcaption>\n<\/figure>\n<hr \/>\t\t\t\t\t\t\t\t<\/div>\n\t\t\t\t<\/div>\n\t\t\t\t\t<\/div>\n\t\t<\/div>\n\t\t\t\t\t<\/div>\n\t\t<\/section>\n\t\t\t\t<\/div>\n\t\t","protected":false},"excerpt":{"rendered":"<p>Contact : Par mail de pr\u00e9f\u00e9rence \u00e0\u00a0\u00a0campingcombourg@gmail.com Par courrier : Camping municipal le Vieux Ch\u00e2tel, 1, avenue de Waldm\u00fcnchen, 35270 COMBOURG Par t\u00e9l\u00e9phone : 02 99 73 07 03 ou 06 25 47 35 20 Tarifs camping 2022 Adulte (+ de 12 ans) 4,20 \u20ac Enfant (2 \u00e0 12 ans) [&hellip;]<\/p>\n","protected":false},"author":1,"featured_media":0,"parent":0,"menu_order":0,"comment_status":"closed","ping_status":"closed","template":"","meta":{"footnotes":""},"class_list":["post-326","page","type-page","status-publish","hentry"],"_links":{"self":[{"href":"https:\/\/camping.combourg.bzh\/index.php\/wp-json\/wp\/v2\/pages\/326","targetHints":{"allow":["GET"]}}],"collection":[{"href":"https:\/\/camping.combourg.bzh\/index.php\/wp-json\/wp\/v2\/pages"}],"about":[{"href":"https:\/\/camping.combourg.bzh\/index.php\/wp-json\/wp\/v2\/types\/page"}],"author":[{"embeddable":true,"href":"https:\/\/camping.combourg.bzh\/index.php\/wp-json\/wp\/v2\/users\/1"}],"replies":[{"embeddable":true,"href":"https:\/\/camping.combourg.bzh\/index.php\/wp-json\/wp\/v2\/comments?post=326"}],"version-history":[{"count":12,"href":"https:\/\/camping.combourg.bzh\/index.php\/wp-json\/wp\/v2\/pages\/326\/revisions"}],"predecessor-version":[{"id":874,"href":"https:\/\/camping.combourg.bzh\/index.php\/wp-json\/wp\/v2\/pages\/326\/revisions\/874"}],"wp:attachment":[{"href":"https:\/\/camping.combourg.bzh\/index.php\/wp-json\/wp\/v2\/media?parent=326"}],"curies":[{"name":"wp","href":"https:\/\/api.w.org\/{rel}","templated":true}]}}