{"id":307,"date":"2022-05-19T16:39:05","date_gmt":"2022-05-19T14:39:05","guid":{"rendered":"http:\/\/camping.combourg.bzh\/?page_id=307"},"modified":"2026-02-19T17:18:25","modified_gmt":"2026-02-19T16:18:25","slug":"emplacement","status":"publish","type":"page","link":"https:\/\/camping.combourg.bzh\/index.php\/emplacement\/","title":{"rendered":"Emplacements"},"content":{"rendered":"\n<div class=\"wp-block-media-text alignwide is-stacked-on-mobile\" style=\"grid-template-columns:45% auto\"><figure class=\"wp-block-media-text__media\"><img fetchpriority=\"high\" decoding=\"async\" width=\"1024\" height=\"768\" src=\"http:\/\/camping.combourg.bzh\/wp-content\/uploads\/2022\/05\/18879923_1853262294890847_3101934681823281669_o-2-1024x768.jpg\" alt=\"\" class=\"wp-image-578 size-full\" srcset=\"https:\/\/camping.combourg.bzh\/wp-content\/uploads\/2022\/05\/18879923_1853262294890847_3101934681823281669_o-2-1024x768.jpg 1024w, https:\/\/camping.combourg.bzh\/wp-content\/uploads\/2022\/05\/18879923_1853262294890847_3101934681823281669_o-2-600x450.jpg 600w, https:\/\/camping.combourg.bzh\/wp-content\/uploads\/2022\/05\/18879923_1853262294890847_3101934681823281669_o-2-300x225.jpg 300w, https:\/\/camping.combourg.bzh\/wp-content\/uploads\/2022\/05\/18879923_1853262294890847_3101934681823281669_o-2-768x576.jpg 768w, https:\/\/camping.combourg.bzh\/wp-content\/uploads\/2022\/05\/18879923_1853262294890847_3101934681823281669_o-2-1536x1152.jpg 1536w, https:\/\/camping.combourg.bzh\/wp-content\/uploads\/2022\/05\/18879923_1853262294890847_3101934681823281669_o-2.jpg 2048w\" sizes=\"(max-width: 1024px) 100vw, 1024px\" \/><\/figure><div class=\"wp-block-media-text__content\">\n<p style=\"font-size:16px\">Un camping au&nbsp;<strong><a href=\"http:\/\/www.paysdelabaie-mtstmichel.com\/\" target=\"_blank\" rel=\"noreferrer noopener\">Pays de la Baie du Mont Saint Michel<\/a><\/strong>&nbsp;\u00e0 prix attractifs.<\/p>\n\n\n\n<p style=\"font-size:16px\">Choisir de passer ses vacances dans un&nbsp;<strong><a href=\"http:\/\/www.camping-municipal.org\/\" target=\"_blank\" rel=\"noreferrer noopener\">camping municipal<\/a><\/strong>, c\u2019est opter pour un m\u00eame confort, des prestations similaires, la tranquillit\u00e9, le tout pour un prix ajust\u00e9.<\/p>\n\n\n\n<p style=\"font-size:16px\">Le classement deux \u00e9toiles vous garantit des prestations de qualit\u00e9.<\/p>\n<\/div><\/div>\n\n\n<hr>\n\n\n<p class=\"has-text-align-center\">Contact :<\/p>\n\n\n\n<p class=\"has-text-align-center\">Par mail de pr\u00e9f\u00e9rence \u00e0&nbsp;&nbsp;<a href=\"mailto:campingcombourg@gmail.com\">campingcombourg@gmail.com<\/a><\/p>\n\n\n\n<p class=\"has-text-align-center\">Par courrier : Camping municipal le Vieux Ch\u00e2tel, 1, avenue de Waldm\u00fcnchen, 35270 COMBOURG<\/p>\n\n\n\n<p class=\"has-text-align-center\">Par t\u00e9l\u00e9phone : 02 99 73 07 03 ou 06 25 47 35 20<\/p>\n\n\n<hr \/>\n<p style=\"text-align: center;\"><strong>Tarifs camping 2026<\/strong><\/p>\n\n\n<figure class=\"wp-block-table is-style-stripes\"><table><tbody><tr><td><strong>Adulte (+ de 12 ans)<\/strong><\/td><td><strong>4,70 \u20ac<\/strong><\/td><\/tr><tr><td><strong>Enfant (2 \u00e0 12 ans)<\/strong><\/td><td><strong>3,00 \u20ac<\/strong><\/td><\/tr><tr><td><strong>Groupe (+ 10 personnes)<\/strong><\/td><td><strong>2,60 \u20ac<\/strong><\/td><\/tr><tr><td><strong>Tente<\/strong><\/td><td><strong>3,00 \u20ac<\/strong><\/td><\/tr><tr><td><strong>Caravane<\/strong><\/td><td><strong>3,50 \u20ac<\/strong><\/td><\/tr><tr><td><strong>Voiture<\/strong><\/td><td><strong>3,00 \u20ac<\/strong><\/td><\/tr><tr><td><strong>Camping-car<\/strong><\/td><td><strong>3,80 \u20ac<\/strong><\/td><\/tr><tr><td><strong>Moto&nbsp;<\/strong><\/td><td><strong>1,70 \u20ac<\/strong><\/td><\/tr><tr><td><strong>Branchement \u00e9lectrique<\/strong><\/td><td><strong>3,60 \u20ac<\/strong><\/td><\/tr><tr><td><strong>Garage mort<\/strong><\/td><td><strong>4,00 \u20ac<\/strong><\/td><\/tr><tr><td><strong>Animaux*<\/strong><\/td><td><strong>1,60 \u20ac<\/strong><\/td><\/tr><\/tbody><\/table><\/figure>\n\n\n\n<p>Taxe de s\u00e9jour de 0.22 \u20ac par adulte et par nuit en sus<\/p>\n\n\n\n<p class=\"has-text-align-center\"><strong><a href=\"http:\/\/camping.combourg.bzh\/wp-content\/uploads\/2025\/01\/25-tarifs-camping.xls\">Calculez le co\u00fbt de votre s\u00e9jour<\/a><\/strong><\/p>\n\n\n\n<p><\/p>\n","protected":false},"excerpt":{"rendered":"<p>Un camping au&nbsp;Pays de la Baie du Mont Saint Michel&nbsp;\u00e0 prix attractifs. Choisir de passer ses vacances dans un&nbsp;camping municipal, c\u2019est opter pour un m\u00eame confort, des prestations similaires, la tranquillit\u00e9, le tout pour un prix ajust\u00e9. Le classement deux \u00e9toiles vous garantit des prestations de qualit\u00e9. Contact : Par [&hellip;]<\/p>\n","protected":false},"author":1,"featured_media":0,"parent":0,"menu_order":0,"comment_status":"closed","ping_status":"closed","template":"","meta":{"footnotes":""},"class_list":["post-307","page","type-page","status-publish","hentry"],"_links":{"self":[{"href":"https:\/\/camping.combourg.bzh\/index.php\/wp-json\/wp\/v2\/pages\/307","targetHints":{"allow":["GET"]}}],"collection":[{"href":"https:\/\/camping.combourg.bzh\/index.php\/wp-json\/wp\/v2\/pages"}],"about":[{"href":"https:\/\/camping.combourg.bzh\/index.php\/wp-json\/wp\/v2\/types\/page"}],"author":[{"embeddable":true,"href":"https:\/\/camping.combourg.bzh\/index.php\/wp-json\/wp\/v2\/users\/1"}],"replies":[{"embeddable":true,"href":"https:\/\/camping.combourg.bzh\/index.php\/wp-json\/wp\/v2\/comments?post=307"}],"version-history":[{"count":38,"href":"https:\/\/camping.combourg.bzh\/index.php\/wp-json\/wp\/v2\/pages\/307\/revisions"}],"predecessor-version":[{"id":941,"href":"https:\/\/camping.combourg.bzh\/index.php\/wp-json\/wp\/v2\/pages\/307\/revisions\/941"}],"wp:attachment":[{"href":"https:\/\/camping.combourg.bzh\/index.php\/wp-json\/wp\/v2\/media?parent=307"}],"curies":[{"name":"wp","href":"https:\/\/api.w.org\/{rel}","templated":true}]}}